{"id":16,"date":"2025-01-07T21:12:36","date_gmt":"2025-01-07T21:12:36","guid":{"rendered":"https:\/\/iedrcantagallar.com.co\/?page_id=16"},"modified":"2025-01-09T00:24:54","modified_gmt":"2025-01-09T00:24:54","slug":"nosotros","status":"publish","type":"page","link":"https:\/\/iedrcantagallar.com.co\/?page_id=16","title":{"rendered":"Nosotros"},"content":{"rendered":"\t\t<div data-elementor-type=\"wp-page\" data-elementor-id=\"16\" class=\"elementor elementor-16\" data-elementor-post-type=\"page\">\n\t\t\t\t\t\t<section class=\"elementor-section elementor-top-section elementor-element elementor-element-584652db elementor-section-content-middle elementor-section-boxed elementor-section-height-default elementor-section-height-default\" data-id=\"584652db\" data-element_type=\"section\" data-e-type=\"section\" data-settings=\"{&quot;background_background&quot;:&quot;classic&quot;}\">\n\t\t\t\t\t\t\t<div class=\"elementor-background-overlay\"><\/div>\n\t\t\t\t\t\t\t<div class=\"elementor-container elementor-column-gap-default\">\n\t\t\t\t\t<div class=\"elementor-column elementor-col-50 elementor-top-column elementor-element elementor-element-3d0f7119\" data-id=\"3d0f7119\" data-element_type=\"column\" data-e-type=\"column\" data-settings=\"{&quot;background_background&quot;:&quot;classic&quot;}\">\n\t\t\t<div class=\"elementor-widget-wrap elementor-element-populated\">\n\t\t\t\t\t\t<div class=\"elementor-element elementor-element-515eee92 elementor-widget elementor-widget-heading\" data-id=\"515eee92\" data-element_type=\"widget\" data-e-type=\"widget\" data-widget_type=\"heading.default\">\n\t\t\t\t<div class=\"elementor-widget-container\">\n\t\t\t\t\t<h2 class=\"elementor-heading-title elementor-size-default\">Nosotros<\/h2>\t\t\t\t<\/div>\n\t\t\t\t<\/div>\n\t\t\t\t\t<\/div>\n\t\t<\/div>\n\t\t\t\t<div class=\"elementor-column elementor-col-50 elementor-top-column elementor-element elementor-element-107e2f03 elementor-hidden-tablet elementor-hidden-phone\" data-id=\"107e2f03\" data-element_type=\"column\" data-e-type=\"column\">\n\t\t\t<div class=\"elementor-widget-wrap\">\n\t\t\t\t\t\t\t<\/div>\n\t\t<\/div>\n\t\t\t\t\t<\/div>\n\t\t<\/section>\n\t\t\t\t<section class=\"elementor-section elementor-top-section elementor-element elementor-element-73b2ae68 elementor-section-boxed elementor-section-height-default elementor-section-height-default\" data-id=\"73b2ae68\" data-element_type=\"section\" data-e-type=\"section\">\n\t\t\t\t\t\t<div class=\"elementor-container elementor-column-gap-default\">\n\t\t\t\t\t<div class=\"elementor-column elementor-col-100 elementor-top-column elementor-element elementor-element-20ec68fd\" data-id=\"20ec68fd\" data-element_type=\"column\" data-e-type=\"column\">\n\t\t\t<div class=\"elementor-widget-wrap elementor-element-populated\">\n\t\t\t\t\t\t<div class=\"elementor-element elementor-element-299c743 elementor-widget elementor-widget-image\" data-id=\"299c743\" data-element_type=\"widget\" data-e-type=\"widget\" data-widget_type=\"image.default\">\n\t\t\t\t<div class=\"elementor-widget-container\">\n\t\t\t\t\t\t\t\t\t\t\t\t\t\t\t<img fetchpriority=\"high\" decoding=\"async\" width=\"800\" height=\"600\" src=\"https:\/\/iedrcantagallar.com.co\/wp-content\/uploads\/2025\/01\/IMG-20250106-WA0003-1024x768.jpg\" class=\"attachment-large size-large wp-image-429\" alt=\"\" srcset=\"https:\/\/iedrcantagallar.com.co\/wp-content\/uploads\/2025\/01\/IMG-20250106-WA0003-1024x768.jpg 1024w, https:\/\/iedrcantagallar.com.co\/wp-content\/uploads\/2025\/01\/IMG-20250106-WA0003-300x225.jpg 300w, https:\/\/iedrcantagallar.com.co\/wp-content\/uploads\/2025\/01\/IMG-20250106-WA0003-768x576.jpg 768w, https:\/\/iedrcantagallar.com.co\/wp-content\/uploads\/2025\/01\/IMG-20250106-WA0003-600x450.jpg 600w, https:\/\/iedrcantagallar.com.co\/wp-content\/uploads\/2025\/01\/IMG-20250106-WA0003.jpg 1280w\" sizes=\"(max-width: 800px) 100vw, 800px\" \/>\t\t\t\t\t\t\t\t\t\t\t\t\t\t\t<\/div>\n\t\t\t\t<\/div>\n\t\t\t\t<div class=\"elementor-element elementor-element-4d7a310d elementor-widget elementor-widget-heading\" data-id=\"4d7a310d\" data-element_type=\"widget\" data-e-type=\"widget\" data-widget_type=\"heading.default\">\n\t\t\t\t<div class=\"elementor-widget-container\">\n\t\t\t\t\t<h2 class=\"elementor-heading-title elementor-size-default\">RESE\u00d1A HIST\u00d3RICA DEL PLANTEL<\/h2>\t\t\t\t<\/div>\n\t\t\t\t<\/div>\n\t\t\t\t<div class=\"elementor-element elementor-element-3c2f6548 elementor-widget elementor-widget-text-editor\" data-id=\"3c2f6548\" data-element_type=\"widget\" data-e-type=\"widget\" data-widget_type=\"text-editor.default\">\n\t\t\t\t<div class=\"elementor-widget-container\">\n\t\t\t\t\t\t\t\t\t<p>La Instituci\u00f3n Educativa Rural B\u00e1sica De Cantagallar es un plantel oficial dependiente del Ministerio de Educaci\u00f3n Nacional, en el cual se imparten una Educaci\u00f3n preescolar y b\u00e1sica. La instituci\u00f3n surgi\u00f3 del proceso del plan de racionalizaci\u00f3n establecido por el gobierno nacional, el cual permiti\u00f3 el funcionamiento de la escuela rural de ni\u00f1as y rural de varones de Cantagallar. Tras esta realidad se sum\u00f3 la iniciativa de la comunidad educativa, quienes presentaron un proyecto de la ampliaci\u00f3n de la b\u00e1sica a la secretaria de desarrollo de la educaci\u00f3n departamental, el cual fue aprobado dando origen a la resoluci\u00f3n N\u00b0. 3361 de diciembre 5 del a\u00f1o 2000.<\/p><p>Mediante esta resoluci\u00f3n se ampl\u00eda la educaci\u00f3n en la comunidad y se funcionan las escuelas con la denominaci\u00f3n de \u201cCONCENTRACI\u00d3N ESCOLAR DE CANTAGALLAR\u201d. Una vez creada la concentraci\u00f3n se dio apertura al periodo de matr\u00edcula el 22 de enero del 2001, arrojando un total de 357 estudiantes de los cuales 39 alumnos pertenec\u00edan al grado sexto.<\/p><p>En el a\u00f1o 2007 con las nuevas directrices departamentales de funci\u00f3n de los establecimientos educativos cambi\u00f3 la raz\u00f3n social de concentraci\u00f3n escolar de Cantagallar a Instituci\u00f3n Educativa Rural B\u00e1sica de Cantagallar anex\u00e1ndoseles el centro Educativo Rural Mixto las pavitas y la escuela Rural mixta de V\u00e1squez. A partir de este momento la Instituci\u00f3n Educativa Rural de Cantagallar, qued\u00f3 dirigida por un rector (E), responsabilidad que fue asignada al licenciado, Jos\u00e9 Ignacio Vizca\u00edno Riquett quien era el director de la antigua concentraci\u00f3n. Debido a que la nueva instituci\u00f3n no contaba con el n\u00famero t\u00e9cnicamente requerido para tener Coordinaci\u00f3n al rector le toco trabajar sin este recurso importante hasta el a\u00f1o 2009 en que es suspendido del cargo por efectos de retiro forzoso. Es as\u00ed como la direcci\u00f3n de la instituci\u00f3n pasa a manos de la licenciada Evarista Hern\u00e1ndez Orozco, quien se desempe\u00f1a por encargo en esta rector\u00eda desde el a\u00f1o 2010.\u00a0 El grado und\u00e9cimo\u00a0 del a\u00f1o 2024 fu\u00e9 su d\u00e9cima promoci\u00f3n de bachilleres acad\u00e9micos.<\/p>\t\t\t\t\t\t\t\t<\/div>\n\t\t\t\t<\/div>\n\t\t\t\t\t<\/div>\n\t\t<\/div>\n\t\t\t\t\t<\/div>\n\t\t<\/section>\n\t\t\t\t<section class=\"elementor-section elementor-top-section elementor-element elementor-element-51f76463 elementor-section-content-middle elementor-section-boxed elementor-section-height-default elementor-section-height-default\" data-id=\"51f76463\" data-element_type=\"section\" data-e-type=\"section\" data-settings=\"{&quot;background_background&quot;:&quot;classic&quot;}\">\n\t\t\t\t\t\t<div class=\"elementor-container elementor-column-gap-default\">\n\t\t\t\t\t<div class=\"elementor-column elementor-col-50 elementor-top-column elementor-element elementor-element-2024c073\" data-id=\"2024c073\" data-element_type=\"column\" data-e-type=\"column\">\n\t\t\t<div class=\"elementor-widget-wrap elementor-element-populated\">\n\t\t\t\t\t\t<div class=\"elementor-element elementor-element-3f8a938c elementor-widget elementor-widget-heading\" data-id=\"3f8a938c\" data-element_type=\"widget\" data-e-type=\"widget\" data-widget_type=\"heading.default\">\n\t\t\t\t<div class=\"elementor-widget-container\">\n\t\t\t\t\t<h2 class=\"elementor-heading-title elementor-size-default\">HIMNO<\/h2>\t\t\t\t<\/div>\n\t\t\t\t<\/div>\n\t\t\t\t<div class=\"elementor-element elementor-element-1016e23b elementor-widget elementor-widget-heading\" data-id=\"1016e23b\" data-element_type=\"widget\" data-e-type=\"widget\" data-widget_type=\"heading.default\">\n\t\t\t\t<div class=\"elementor-widget-container\">\n\t\t\t\t\t<h2 class=\"elementor-heading-title elementor-size-default\">INSTITUCI\u00d3N EDUCATIVA DEPARTAMENTAL B\u00c1SICA RURAL\n\nDE CANTAGALLAR\n<\/h2>\t\t\t\t<\/div>\n\t\t\t\t<\/div>\n\t\t\t\t<div class=\"elementor-element elementor-element-2ba59a62 elementor-widget elementor-widget-text-editor\" data-id=\"2ba59a62\" data-element_type=\"widget\" data-e-type=\"widget\" data-widget_type=\"text-editor.default\">\n\t\t\t\t<div class=\"elementor-widget-container\">\n\t\t\t\t\t\t\t\t\t<p>I<\/p><p>ADELANTE, ADELANTE EDUCANDO<br \/>QUE EL ESTUDIO SEGURO NOS DA<\/p><p>ARMAS PARA CONTINUAR LUCHANDO POR LA LIVERTAD<\/p><p>QUE NO SIGA LA PATRIA SAGRANDO<br \/>CONSTRUYENDO CAMINO DE PAZ (bis)<\/p><p>CORO<\/p><p>CANTAGALLAR CUNA DE INTELIGENCIA<br \/>SIGNO EJEMPLAR EN CULTURA Y CIENCIA (Bis)<\/p><p>II<\/p><p>EL ORGULLO DE SER COLOMBIANO<br \/>NOS MOTIVA PARA NO CLAUDICAR<br \/>Y QUE TODOS ASIDOS DE MANOS<br \/>SEAMOS FUERZA PARA EL TRINFU ALCANZAR<br \/>QUE VIVAMOS SIEMPRE COMO HERMANOS<br \/>EN LA INSTITUCI\u00d3N EDUCATIVA DE CANTAGALLAR (bis)<\/p><p>III<\/p><p>ESTUDIANTES TAMBI\u00c9N PROFESORES<br \/>SON CIMIENTO EN LA HUMANIDAD<br \/>DONDE SE HACEN GLORIOSOS LOS HOMBRES<br \/>PA\u00b4 QUE EL MUNDO PUEDA PROGRESAR<\/p><p>Y USTEDES SON LOS FORJADORES EN LA INSTITUCI\u00d3N EDUCATIVA DE<\/p><p>CANTAGALLAR<br \/>CORO<\/p><p>CANTAGALLAR CUNA DE INTELIGENCIA SIGNO EJEMPLAR EN<\/p><p>CULTURA Y CIENCIA (bis)<\/p><p>AUTOR: CARLOS DE LA HOZ<br \/>SANTODOMINGO.<br \/>HUMBERTO\u00a0RADA\u00a0OSPINO.<\/p>\t\t\t\t\t\t\t\t<\/div>\n\t\t\t\t<\/div>\n\t\t\t\t\t<\/div>\n\t\t<\/div>\n\t\t\t\t<div class=\"elementor-column elementor-col-50 elementor-top-column elementor-element elementor-element-322f6bd6\" data-id=\"322f6bd6\" data-element_type=\"column\" data-e-type=\"column\">\n\t\t\t<div class=\"elementor-widget-wrap elementor-element-populated\">\n\t\t\t\t\t\t<div class=\"elementor-element elementor-element-56a34344 elementor-widget elementor-widget-image\" data-id=\"56a34344\" data-element_type=\"widget\" data-e-type=\"widget\" data-widget_type=\"image.default\">\n\t\t\t\t<div class=\"elementor-widget-container\">\n\t\t\t\t\t\t\t\t\t\t\t\t\t\t\t<img decoding=\"async\" width=\"960\" height=\"1280\" src=\"https:\/\/iedrcantagallar.com.co\/wp-content\/uploads\/2025\/01\/IMG-20250106-WA0009.jpg\" class=\"elementor-animation-shrink attachment-full size-full wp-image-437\" alt=\"\" srcset=\"https:\/\/iedrcantagallar.com.co\/wp-content\/uploads\/2025\/01\/IMG-20250106-WA0009.jpg 960w, https:\/\/iedrcantagallar.com.co\/wp-content\/uploads\/2025\/01\/IMG-20250106-WA0009-225x300.jpg 225w, https:\/\/iedrcantagallar.com.co\/wp-content\/uploads\/2025\/01\/IMG-20250106-WA0009-768x1024.jpg 768w, https:\/\/iedrcantagallar.com.co\/wp-content\/uploads\/2025\/01\/IMG-20250106-WA0009-600x800.jpg 600w\" sizes=\"(max-width: 960px) 100vw, 960px\" \/>\t\t\t\t\t\t\t\t\t\t\t\t\t\t\t<\/div>\n\t\t\t\t<\/div>\n\t\t\t\t\t<\/div>\n\t\t<\/div>\n\t\t\t\t\t<\/div>\n\t\t<\/section>\n\t\t\t\t<section class=\"elementor-section elementor-top-section elementor-element elementor-element-31d6420 elementor-section-content-middle elementor-section-boxed elementor-section-height-default elementor-section-height-default\" data-id=\"31d6420\" data-element_type=\"section\" data-e-type=\"section\" data-settings=\"{&quot;background_background&quot;:&quot;classic&quot;}\">\n\t\t\t\t\t\t<div class=\"elementor-container elementor-column-gap-default\">\n\t\t\t\t\t<div class=\"elementor-column elementor-col-50 elementor-top-column elementor-element elementor-element-91963e8\" data-id=\"91963e8\" data-element_type=\"column\" data-e-type=\"column\">\n\t\t\t<div class=\"elementor-widget-wrap elementor-element-populated\">\n\t\t\t\t\t\t<div class=\"elementor-element elementor-element-159a28c elementor-widget elementor-widget-image\" data-id=\"159a28c\" data-element_type=\"widget\" data-e-type=\"widget\" data-widget_type=\"image.default\">\n\t\t\t\t<div class=\"elementor-widget-container\">\n\t\t\t\t\t\t\t\t\t\t\t\t\t\t\t<img decoding=\"async\" width=\"640\" height=\"640\" src=\"https:\/\/iedrcantagallar.com.co\/wp-content\/uploads\/2025\/01\/Imagen-de-WhatsApp-2025-01-05-a-las-11.25.14_1082523f.jpg\" class=\"elementor-animation-shrink attachment-full size-full wp-image-434\" alt=\"\" srcset=\"https:\/\/iedrcantagallar.com.co\/wp-content\/uploads\/2025\/01\/Imagen-de-WhatsApp-2025-01-05-a-las-11.25.14_1082523f.jpg 640w, https:\/\/iedrcantagallar.com.co\/wp-content\/uploads\/2025\/01\/Imagen-de-WhatsApp-2025-01-05-a-las-11.25.14_1082523f-300x300.jpg 300w, https:\/\/iedrcantagallar.com.co\/wp-content\/uploads\/2025\/01\/Imagen-de-WhatsApp-2025-01-05-a-las-11.25.14_1082523f-150x150.jpg 150w, https:\/\/iedrcantagallar.com.co\/wp-content\/uploads\/2025\/01\/Imagen-de-WhatsApp-2025-01-05-a-las-11.25.14_1082523f-600x600.jpg 600w, https:\/\/iedrcantagallar.com.co\/wp-content\/uploads\/2025\/01\/Imagen-de-WhatsApp-2025-01-05-a-las-11.25.14_1082523f-100x100.jpg 100w\" sizes=\"(max-width: 640px) 100vw, 640px\" \/>\t\t\t\t\t\t\t\t\t\t\t\t\t\t\t<\/div>\n\t\t\t\t<\/div>\n\t\t\t\t\t<\/div>\n\t\t<\/div>\n\t\t\t\t<div class=\"elementor-column elementor-col-50 elementor-top-column elementor-element elementor-element-e88f1c5\" data-id=\"e88f1c5\" data-element_type=\"column\" data-e-type=\"column\">\n\t\t\t<div class=\"elementor-widget-wrap elementor-element-populated\">\n\t\t\t\t\t\t<div class=\"elementor-element elementor-element-f00d445 elementor-widget elementor-widget-heading\" data-id=\"f00d445\" data-element_type=\"widget\" data-e-type=\"widget\" data-widget_type=\"heading.default\">\n\t\t\t\t<div class=\"elementor-widget-container\">\n\t\t\t\t\t<h2 class=\"elementor-heading-title elementor-size-default\">ESCUDO<\/h2>\t\t\t\t<\/div>\n\t\t\t\t<\/div>\n\t\t\t\t<div class=\"elementor-element elementor-element-315f1a5 elementor-widget elementor-widget-heading\" data-id=\"315f1a5\" data-element_type=\"widget\" data-e-type=\"widget\" data-widget_type=\"heading.default\">\n\t\t\t\t<div class=\"elementor-widget-container\">\n\t\t\t\t\t<h2 class=\"elementor-heading-title elementor-size-default\">ESCUDO Y SUS SIGNIFICADOS\n<\/h2>\t\t\t\t<\/div>\n\t\t\t\t<\/div>\n\t\t\t\t<div class=\"elementor-element elementor-element-e2e60c4 elementor-widget elementor-widget-text-editor\" data-id=\"e2e60c4\" data-element_type=\"widget\" data-e-type=\"widget\" data-widget_type=\"text-editor.default\">\n\t\t\t\t<div class=\"elementor-widget-container\">\n\t\t\t\t\t\t\t\t\t<p>Por las fuentes de trabajo que existen en la comunidad, nuestro escudo est\u00e1 dise\u00f1ado en estos aspectos, donde a los estudiantes se les orienta a que sean personas competentes y capaces de producir y cuidar lo que existe en el entorno que rodea nuestra instituci\u00f3n.<\/p><p>Nuestro escudo es de formas circular. Internamente tiene forma suiza, terciada y compartido en 2 cuarteles. En la parte superior tiene una paloma con las alas abiertas que representan la paz y la convivencia pac\u00edfica de los habitantes de este terru\u00f1o, valores en los cuales est\u00e1n encaminados nuestros j\u00f3venes a quienes estamos formando. En el cuartel superior se encuentra un libro abierto que representa la sabidur\u00eda y la inteligencia como s\u00edmbolos del conocimiento y la\u00a0investigaci\u00f3n.<\/p><p>El cuartel inferior del escudo es de color verde, color de nuestra maravillosa naturaleza por excelencia. Muestra un pico y un azad\u00f3n q representan el trabajo y laboriosidad de nuestros habitantes. El borde del escudo est\u00e1 enmarcado por una cinta blanca que lleva impreso en letras color sable (negro) el nombre de\u00a0la\u00a0instituci\u00f3n.<\/p><p>AUTORES: CARLOS DE LA HOZ SANTODOMINGO.<br \/>HUMBERTO RADA OSPINO<\/p>\t\t\t\t\t\t\t\t<\/div>\n\t\t\t\t<\/div>\n\t\t\t\t\t<\/div>\n\t\t<\/div>\n\t\t\t\t\t<\/div>\n\t\t<\/section>\n\t\t\t\t<section class=\"elementor-section elementor-top-section elementor-element elementor-element-aabdbe7 elementor-section-content-middle elementor-section-boxed elementor-section-height-default elementor-section-height-default\" data-id=\"aabdbe7\" data-element_type=\"section\" data-e-type=\"section\" data-settings=\"{&quot;background_background&quot;:&quot;classic&quot;}\">\n\t\t\t\t\t\t<div class=\"elementor-container elementor-column-gap-default\">\n\t\t\t\t\t<div class=\"elementor-column elementor-col-50 elementor-top-column elementor-element elementor-element-ae171b2\" data-id=\"ae171b2\" data-element_type=\"column\" data-e-type=\"column\">\n\t\t\t<div class=\"elementor-widget-wrap elementor-element-populated\">\n\t\t\t\t\t\t<div class=\"elementor-element elementor-element-e2bc21c elementor-widget elementor-widget-heading\" data-id=\"e2bc21c\" data-element_type=\"widget\" data-e-type=\"widget\" data-widget_type=\"heading.default\">\n\t\t\t\t<div class=\"elementor-widget-container\">\n\t\t\t\t\t<h2 class=\"elementor-heading-title elementor-size-default\">BANDERA<\/h2>\t\t\t\t<\/div>\n\t\t\t\t<\/div>\n\t\t\t\t<div class=\"elementor-element elementor-element-1dbd3aa elementor-widget elementor-widget-heading\" data-id=\"1dbd3aa\" data-element_type=\"widget\" data-e-type=\"widget\" data-widget_type=\"heading.default\">\n\t\t\t\t<div class=\"elementor-widget-container\">\n\t\t\t\t\t<h2 class=\"elementor-heading-title elementor-size-default\">DESCRIPCI\u00d3N DE LA BANDERA\n<\/h2>\t\t\t\t<\/div>\n\t\t\t\t<\/div>\n\t\t\t\t<div class=\"elementor-element elementor-element-7a0ed90 elementor-widget elementor-widget-text-editor\" data-id=\"7a0ed90\" data-element_type=\"widget\" data-e-type=\"widget\" data-widget_type=\"text-editor.default\">\n\t\t\t\t<div class=\"elementor-widget-container\">\n\t\t\t\t\t\t\t\t\t<p>\u00a0<\/p><p>La bandera de la Instituci\u00f3n Educativa Departamental B\u00e1sica Rural de Cantagallar, est\u00e1 conformada por tres fajas horizontales de igual dimensi\u00f3n y de color: amarillo, blanco y verde. El amarillo representa la riqueza de nuestro suelo. El blanco simboliza la paz y la armon\u00eda de nuestro terru\u00f1o y la idiosincrasia de nuestro pueblo. El verde, representan los campos que rodean nuestra poblaci\u00f3n y la esperanza de los labriegos que con su trabajo nos ayudan a la consecuci\u00f3n del\u00a0pan\u00a0de\u00a0cada\u00a0d\u00eda.<\/p>\t\t\t\t\t\t\t\t<\/div>\n\t\t\t\t<\/div>\n\t\t\t\t\t<\/div>\n\t\t<\/div>\n\t\t\t\t<div class=\"elementor-column elementor-col-50 elementor-top-column elementor-element elementor-element-cbcf8b5\" data-id=\"cbcf8b5\" data-element_type=\"column\" data-e-type=\"column\">\n\t\t\t<div class=\"elementor-widget-wrap elementor-element-populated\">\n\t\t\t\t\t\t<div class=\"elementor-element elementor-element-3c1a7d1 elementor-widget elementor-widget-image\" data-id=\"3c1a7d1\" data-element_type=\"widget\" data-e-type=\"widget\" data-widget_type=\"image.default\">\n\t\t\t\t<div class=\"elementor-widget-container\">\n\t\t\t\t\t\t\t\t\t\t\t\t\t\t\t<img decoding=\"async\" width=\"640\" height=\"640\" src=\"https:\/\/iedrcantagallar.com.co\/wp-content\/uploads\/2025\/01\/Imagen-de-WhatsApp-2025-01-05-a-las-11.25.14_1082523f.jpg\" class=\"elementor-animation-shrink attachment-full size-full wp-image-434\" alt=\"\" srcset=\"https:\/\/iedrcantagallar.com.co\/wp-content\/uploads\/2025\/01\/Imagen-de-WhatsApp-2025-01-05-a-las-11.25.14_1082523f.jpg 640w, https:\/\/iedrcantagallar.com.co\/wp-content\/uploads\/2025\/01\/Imagen-de-WhatsApp-2025-01-05-a-las-11.25.14_1082523f-300x300.jpg 300w, https:\/\/iedrcantagallar.com.co\/wp-content\/uploads\/2025\/01\/Imagen-de-WhatsApp-2025-01-05-a-las-11.25.14_1082523f-150x150.jpg 150w, https:\/\/iedrcantagallar.com.co\/wp-content\/uploads\/2025\/01\/Imagen-de-WhatsApp-2025-01-05-a-las-11.25.14_1082523f-600x600.jpg 600w, https:\/\/iedrcantagallar.com.co\/wp-content\/uploads\/2025\/01\/Imagen-de-WhatsApp-2025-01-05-a-las-11.25.14_1082523f-100x100.jpg 100w\" sizes=\"(max-width: 640px) 100vw, 640px\" \/>\t\t\t\t\t\t\t\t\t\t\t\t\t\t\t<\/div>\n\t\t\t\t<\/div>\n\t\t\t\t\t<\/div>\n\t\t<\/div>\n\t\t\t\t\t<\/div>\n\t\t<\/section>\n\t\t\t\t<\/div>\n\t\t","protected":false},"excerpt":{"rendered":"<p>Nosotros RESE\u00d1A HIST\u00d3RICA DEL PLANTEL La Instituci\u00f3n Educativa Rural B\u00e1sica De Cantagallar es un plantel oficial dependiente del Ministerio de Educaci\u00f3n Nacional, en el cual se imparten una Educaci\u00f3n preescolar y b\u00e1sica. La instituci\u00f3n surgi\u00f3 del proceso del plan de racionalizaci\u00f3n establecido por el gobierno nacional, el cual permiti\u00f3 el funcionamiento de la escuela rural [&hellip;]<\/p>\n","protected":false},"author":1,"featured_media":0,"parent":0,"menu_order":0,"comment_status":"closed","ping_status":"closed","template":"elementor_header_footer","meta":{"footnotes":""},"class_list":["post-16","page","type-page","status-publish","hentry"],"_links":{"self":[{"href":"https:\/\/iedrcantagallar.com.co\/index.php?rest_route=\/wp\/v2\/pages\/16","targetHints":{"allow":["GET"]}}],"collection":[{"href":"https:\/\/iedrcantagallar.com.co\/index.php?rest_route=\/wp\/v2\/pages"}],"about":[{"href":"https:\/\/iedrcantagallar.com.co\/index.php?rest_route=\/wp\/v2\/types\/page"}],"author":[{"embeddable":true,"href":"https:\/\/iedrcantagallar.com.co\/index.php?rest_route=\/wp\/v2\/users\/1"}],"replies":[{"embeddable":true,"href":"https:\/\/iedrcantagallar.com.co\/index.php?rest_route=%2Fwp%2Fv2%2Fcomments&post=16"}],"version-history":[{"count":28,"href":"https:\/\/iedrcantagallar.com.co\/index.php?rest_route=\/wp\/v2\/pages\/16\/revisions"}],"predecessor-version":[{"id":470,"href":"https:\/\/iedrcantagallar.com.co\/index.php?rest_route=\/wp\/v2\/pages\/16\/revisions\/470"}],"wp:attachment":[{"href":"https:\/\/iedrcantagallar.com.co\/index.php?rest_route=%2Fwp%2Fv2%2Fmedia&parent=16"}],"curies":[{"name":"wp","href":"https:\/\/api.w.org\/{rel}","templated":true}]}}